{"id":1700,"date":"2023-05-26T15:19:46","date_gmt":"2023-05-26T15:19:46","guid":{"rendered":"https:\/\/b-s.group\/fairs\/"},"modified":"2025-12-10T09:25:32","modified_gmt":"2025-12-10T09:25:32","slug":"fairs","status":"publish","type":"page","link":"https:\/\/b-s.group\/de\/fairs\/","title":{"rendered":"Messen"},"content":{"rendered":"<p>[et_pb_section fb_built=&#8220;1&#8243; next_background_color=&#8220;#ffffff&#8220; admin_label=&#8220;section&#8220; _builder_version=&#8220;4.21.0&#8243; background_color=&#8220;#FFFFFF&#8220; use_background_color_gradient=&#8220;on&#8220; background_color_gradient_direction=&#8220;172deg&#8220; background_color_gradient_stops=&#8220;#454754 0%|#7d8386 99%&#8220; background_color_gradient_overlays_image=&#8220;on&#8220; background_image=&#8220;https:\/\/b-s.group\/wp-content\/uploads\/2023\/05\/b-s-group_content_maschine-querteilanlage-001.jpg&#8220; background_blend=&#8220;multiply&#8220; custom_padding=&#8220;85px||193px||false|false&#8220; bottom_divider_style=&#8220;arrow2&#8243; global_colors_info=&#8220;{}&#8220;][et_pb_row _builder_version=&#8220;4.16&#8243; _module_preset=&#8220;default&#8220; custom_padding=&#8220;22px||50px||false|false&#8220; scroll_vertical_motion_enable=&#8220;on&#8220; scroll_vertical_motion=&#8220;0|90|90|100|0|0|0.5&#8243; scroll_fade_enable=&#8220;on&#8220; scroll_fade=&#8220;0|90|90|100|100%|100%|0%&#8220; global_colors_info=&#8220;{}&#8220;][et_pb_column type=&#8220;4_4&#8243; _builder_version=&#8220;4.16&#8243; _module_preset=&#8220;default&#8220; global_colors_info=&#8220;{}&#8220;][et_pb_text _builder_version=&#8220;4.21.0&#8243; _module_preset=&#8220;default&#8220; header_text_align=&#8220;center&#8220; header_text_color=&#8220;#ffffff&#8220; header_font_size=&#8220;60px&#8220; custom_margin=&#8220;||10px||false|false&#8220; header_font_size_tablet=&#8220;50px&#8220; header_font_size_phone=&#8220;40px&#8220; header_font_size_last_edited=&#8220;on|desktop&#8220; global_colors_info=&#8220;{}&#8220;]<\/p>\n<h1>Messen<\/h1>\n<p>[\/et_pb_text][et_pb_divider divider_weight=&#8220;2px&#8220; _builder_version=&#8220;4.21.0&#8243; _module_preset=&#8220;default&#8220; width=&#8220;10%&#8220; module_alignment=&#8220;center&#8220; custom_margin=&#8220;25px||25px||true|false&#8220; global_colors_info=&#8220;{}&#8220;][\/et_pb_divider][\/et_pb_column][\/et_pb_row][\/et_pb_section][et_pb_section fb_built=&#8220;1&#8243; _builder_version=&#8220;4.24.2&#8243; _module_preset=&#8220;default&#8220; global_colors_info=&#8220;{}&#8220;][et_pb_row column_structure=&#8220;1_3,2_3&#8243; use_custom_gutter=&#8220;on&#8220; gutter_width=&#8220;1&#8243; make_equal=&#8220;on&#8220; custom_padding_last_edited=&#8220;on|phone&#8220; _builder_version=&#8220;4.23.1&#8243; _module_preset=&#8220;default&#8220; background_color=&#8220;#FFFFFF&#8220; z_index=&#8220;10&#8243; width_tablet=&#8220;90%&#8220; width_phone=&#8220;100%&#8220; width_last_edited=&#8220;on|phone&#8220; max_width=&#8220;1170px&#8220; custom_margin=&#8220;0px||50px||false|false&#8220; custom_margin_tablet=&#8220;&#8220; custom_margin_phone=&#8220;&#8220; custom_margin_last_edited=&#8220;on|tablet&#8220; custom_padding=&#8220;0px|0px|0px||false|false&#8220; custom_padding_tablet=&#8220;0px||0px||false|false&#8220; custom_padding_phone=&#8220;&#8220; animation_style=&#8220;slide&#8220; animation_direction=&#8220;bottom&#8220; animation_delay=&#8220;200ms&#8220; animation_intensity_slide=&#8220;2%&#8220; animation_starting_opacity=&#8220;100%&#8220; hover_enabled=&#8220;0&#8243; box_shadow_style=&#8220;preset1&#8243; box_shadow_blur=&#8220;70px&#8220; box_shadow_spread=&#8220;-40px&#8220; global_colors_info=&#8220;{}&#8220; sticky_enabled=&#8220;0&#8243;][et_pb_column type=&#8220;1_3&#8243; _builder_version=&#8220;4.21.0&#8243; _module_preset=&#8220;default&#8220; background_color=&#8220;#e0e0e0&#8243; background_enable_image=&#8220;off&#8220; custom_padding=&#8220;|0px|0px|0px|false|false&#8220; custom_css_main_element=&#8220;display: flex;||align-items: center;&#8220; global_colors_info=&#8220;{}&#8220;][et_pb_image src=&#8220;https:\/\/b-s.group\/wp-content\/uploads\/2023\/05\/b-s-group_content_fairs-fabtech-chicago.jpg&#8220; alt=&#8220;B + S Group &#8211; Burghardt+Schmidt Germany &#8211; Fabtech Logo&#8220; title_text=&#8220;B + S Group &#8211; Burghardt+Schmidt Germany &#8211; Fabtech Logo&#8220; align=&#8220;center&#8220; _builder_version=&#8220;4.21.0&#8243; _module_preset=&#8220;default&#8220; module_alignment=&#8220;center&#8220; custom_margin=&#8220;0px||0px||true|false&#8220; custom_padding=&#8220;0px||0px||true|false&#8220; mix_blend_mode=&#8220;multiply&#8220; global_colors_info=&#8220;{}&#8220;][\/et_pb_image][\/et_pb_column][et_pb_column type=&#8220;2_3&#8243; _builder_version=&#8220;4.21.0&#8243; _module_preset=&#8220;default&#8220; custom_padding=&#8220;60px|40px|60px|60px|false|false&#8220; custom_padding_tablet=&#8220;50px|40px|50px|40px|true|true&#8220; custom_padding_phone=&#8220;|30px||30px|true|true&#8220; custom_padding_last_edited=&#8220;on|tablet&#8220; global_colors_info=&#8220;{}&#8220;][et_pb_text _builder_version=&#8220;4.27.5&#8243; _module_preset=&#8220;default&#8220; header_2_font_size=&#8220;40px&#8220; custom_margin=&#8220;||-1px||false|false&#8220; hover_enabled=&#8220;0&#8243; header_2_font_size_tablet=&#8220;40px&#8220; header_2_font_size_phone=&#8220;30px&#8220; global_colors_info=&#8220;{}&#8220; sticky_enabled=&#8220;0&#8243;]<\/p>\n<h2>FABTECH 2026<\/h2>\n<p><\/p>\n<h3>Besuchen Sie uns vom 21.-23. Oktober am Stand C7618 in LasVegas!<\/h3>\n<p><strong>Nordamerikas gr\u00f6\u00dfte Veranstaltung f\u00fcr Metallumformung, Fertigung, Schwei\u00dfen und Endbearbeitung<\/strong><\/p>\n<p>Besuchen Sie uns vom 21. bis 23. Oktober in Las Vegas auf der FABTECH 2026, Nordamerikas f\u00fchrender Veranstaltung f\u00fcr Metallumformung, Fertigung, Schwei\u00dfen und Endbearbeitung. Testen Sie die neuesten Technologien und kn\u00fcpfen Sie Kontakte zu \u00fcber 31.000 Branchenf\u00fchrern, Zulieferern und Innovatoren, die die Zukunft der Fertigung gestalten. Wir bereiten uns auf unsere bisher gr\u00f6\u00dfte und beste Veranstaltung vor, die Sie auf keinen Fall verpassen sollten![\/et_pb_text][\/et_pb_column][\/et_pb_row][et_pb_row column_structure=&#8220;1_3,2_3&#8243; use_custom_gutter=&#8220;on&#8220; gutter_width=&#8220;1&#8243; make_equal=&#8220;on&#8220; custom_padding_last_edited=&#8220;on|phone&#8220; _builder_version=&#8220;4.22.2&#8243; _module_preset=&#8220;default&#8220; background_color=&#8220;#FFFFFF&#8220; z_index=&#8220;10&#8243; width_tablet=&#8220;90%&#8220; width_phone=&#8220;100%&#8220; width_last_edited=&#8220;on|phone&#8220; max_width=&#8220;1170px&#8220; custom_margin=&#8220;0px||50px||false|false&#8220; custom_margin_tablet=&#8220;&#8220; custom_margin_phone=&#8220;&#8220; custom_margin_last_edited=&#8220;on|tablet&#8220; custom_padding=&#8220;0px|0px|0px||false|false&#8220; custom_padding_tablet=&#8220;0px||0px||false|false&#8220; custom_padding_phone=&#8220;&#8220; animation_style=&#8220;slide&#8220; animation_direction=&#8220;bottom&#8220; animation_delay=&#8220;200ms&#8220; animation_intensity_slide=&#8220;2%&#8220; animation_starting_opacity=&#8220;100%&#8220; box_shadow_style=&#8220;preset1&#8243; box_shadow_blur=&#8220;70px&#8220; box_shadow_spread=&#8220;-40px&#8220; global_colors_info=&#8220;{}&#8220;][et_pb_column type=&#8220;1_3&#8243; _builder_version=&#8220;4.21.0&#8243; _module_preset=&#8220;default&#8220; background_color=&#8220;#e0e0e0&#8243; background_enable_image=&#8220;off&#8220; custom_padding=&#8220;|0px|0px|0px|false|false&#8220; custom_css_main_element=&#8220;display: flex;||align-items: center;&#8220; global_colors_info=&#8220;{}&#8220;][et_pb_image src=&#8220;https:\/\/b-s.group\/wp-content\/uploads\/2023\/11\/b-s-group_content_fairs-blech.png&#8220; alt=&#8220;B + S Group &#8211; Burghardt+Schmidt Germany &#8211; Blech Logo&#8220; title_text=&#8220;B + S Group &#8211; Burghardt+Schmidt Germany &#8211; Blech Logo&#8220; align=&#8220;center&#8220; _builder_version=&#8220;4.23.1&#8243; _module_preset=&#8220;default&#8220; global_colors_info=&#8220;{}&#8220;][\/et_pb_image][\/et_pb_column][et_pb_column type=&#8220;2_3&#8243; _builder_version=&#8220;4.21.0&#8243; _module_preset=&#8220;default&#8220; custom_padding=&#8220;60px|40px|60px|60px|false|false&#8220; custom_padding_tablet=&#8220;50px|40px|50px|40px|true|true&#8220; custom_padding_phone=&#8220;|30px||30px|true|true&#8220; custom_padding_last_edited=&#8220;on|tablet&#8220; global_colors_info=&#8220;{}&#8220;][et_pb_text _builder_version=&#8220;4.27.3&#8243; _module_preset=&#8220;default&#8220; header_2_font_size=&#8220;40px&#8220; custom_margin=&#8220;||-1px||false|false&#8220; header_2_font_size_tablet=&#8220;40px&#8220; header_2_font_size_phone=&#8220;30px&#8220; global_colors_info=&#8220;{}&#8220;]<\/p>\n<h2>EUROBLECH 2026<\/h2>\n<p><\/p>\n<h3>Besuchen Sie uns vom 20.-23. Oktober 2026 in Hannover!<\/h3>\n<p><strong>Die internationale Technologiemesse f\u00fcr Blechbearbeitung findet vom 20.-23. Oktober 2026 in Hannover statt.<\/strong><\/p>\n<p>Mit ihrem globalen, investitionsbereiten Fachpublikum und ihrem Schwerpunkt auf innovativer Technologie und spezifischen L\u00f6sungen ist die EuroBLECH in einem Umfeld der sich rasch wandelnden M\u00e4rkte die fokussierte Pr\u00e4sentationsplattform f\u00fcr internationale Hersteller und Anbieter f\u00fcr die blechbearbeitende Industrie.<\/p>\n<p>Als vertikale Fachmesse bildet die Veranstaltung die gesamte Technologiekette der Blechbearbeitung ab und bietet der Branche international einen einzigartigen Marktplatz f\u00fcr Wissenstransfer, die Schaffung individueller Fertigungsl\u00f6sungen und weltweite Gesch\u00e4ftskontakte.[\/et_pb_text][\/et_pb_column][\/et_pb_row][et_pb_row _builder_version=&#8220;4.22.2&#8243; _module_preset=&#8220;default&#8220; max_width=&#8220;1170px&#8220; custom_padding=&#8220;0px||0px||false|false&#8220; global_colors_info=&#8220;{}&#8220;][et_pb_column type=&#8220;4_4&#8243; _builder_version=&#8220;4.21.0&#8243; _module_preset=&#8220;default&#8220; global_colors_info=&#8220;{}&#8220;][et_pb_text _builder_version=&#8220;4.21.0&#8243; _module_preset=&#8220;default&#8220; text_font=&#8220;|300|||||||&#8220; text_font_size=&#8220;20px&#8220; global_colors_info=&#8220;{}&#8220;]<\/p>\n<p>Weitere Messetermine und Informationen folgen in K\u00fcrze.<\/p>\n<p>[\/et_pb_text][\/et_pb_column][\/et_pb_row][\/et_pb_section]<\/p>\n","protected":false},"excerpt":{"rendered":"<p>MessenFABTECH 2026Besuchen Sie uns vom 21.-23. Oktober am Stand C7618 in LasVegas!Nordamerikas gr\u00f6\u00dfte Veranstaltung f\u00fcr Metallumformung, Fertigung, Schwei\u00dfen und EndbearbeitungBesuchen Sie uns vom 21. bis 23. Oktober in Las Vegas auf der FABTECH 2026, Nordamerikas f\u00fchrender Veranstaltung f\u00fcr Metallumformung, Fertigung, Schwei\u00dfen und Endbearbeitung. Testen Sie die neuesten Technologien und kn\u00fcpfen Sie Kontakte zu \u00fcber 31.000 [&hellip;]<\/p>\n","protected":false},"author":4,"featured_media":0,"parent":0,"menu_order":30,"comment_status":"closed","ping_status":"closed","template":"","meta":{"_et_pb_use_builder":"on","_et_pb_old_content":"","_et_gb_content_width":"","footnotes":""},"dipi_cpt_category":[],"class_list":["post-1700","page","type-page","status-publish","hentry"],"yoast_head":"<!-- This site is optimized with the Yoast SEO plugin v27.2 - https:\/\/yoast.com\/product\/yoast-seo-wordpress\/ -->\n<title>Messen - b+s group<\/title>\n<meta name=\"robots\" content=\"index, follow, max-snippet:-1, max-image-preview:large, max-video-preview:-1\" \/>\n<link rel=\"canonical\" href=\"https:\/\/b-s.group\/fairs\/\" \/>\n<meta property=\"og:locale\" content=\"de_DE\" \/>\n<meta property=\"og:type\" content=\"article\" \/>\n<meta property=\"og:title\" content=\"Messen - b+s group\" \/>\n<meta property=\"og:description\" content=\"MessenFABTECH 2026Besuchen Sie uns vom 21.-23. Oktober am Stand C7618 in LasVegas!Nordamerikas gr\u00f6\u00dfte Veranstaltung f\u00fcr Metallumformung, Fertigung, Schwei\u00dfen und EndbearbeitungBesuchen Sie uns vom 21. bis 23. Oktober in Las Vegas auf der FABTECH 2026, Nordamerikas f\u00fchrender Veranstaltung f\u00fcr Metallumformung, Fertigung, Schwei\u00dfen und Endbearbeitung. Testen Sie die neuesten Technologien und kn\u00fcpfen Sie Kontakte zu \u00fcber 31.000 [&hellip;]\" \/>\n<meta property=\"og:url\" content=\"https:\/\/b-s.group\/fairs\/\" \/>\n<meta property=\"og:site_name\" content=\"b+s group\" \/>\n<meta property=\"article:modified_time\" content=\"2025-12-10T09:25:32+00:00\" \/>\n<meta name=\"twitter:card\" content=\"summary_large_image\" \/>\n<meta name=\"twitter:label1\" content=\"Gesch\u00e4tzte Lesezeit\" \/>\n\t<meta name=\"twitter:data1\" content=\"5\u00a0Minuten\" \/>\n<script type=\"application\/ld+json\" class=\"yoast-schema-graph\">{\"@context\":\"https:\/\/schema.org\",\"@graph\":[{\"@type\":\"WebPage\",\"@id\":\"https:\/\/b-s.group\/fairs\/\",\"url\":\"https:\/\/b-s.group\/fairs\/\",\"name\":\"Messen - b+s group\",\"isPartOf\":{\"@id\":\"https:\/\/b-s.group\/#website\"},\"datePublished\":\"2023-05-26T15:19:46+00:00\",\"dateModified\":\"2025-12-10T09:25:32+00:00\",\"breadcrumb\":{\"@id\":\"https:\/\/b-s.group\/fairs\/#breadcrumb\"},\"inLanguage\":\"de\",\"potentialAction\":[{\"@type\":\"ReadAction\",\"target\":[\"https:\/\/b-s.group\/fairs\/\"]}]},{\"@type\":\"BreadcrumbList\",\"@id\":\"https:\/\/b-s.group\/fairs\/#breadcrumb\",\"itemListElement\":[{\"@type\":\"ListItem\",\"position\":1,\"name\":\"Home\",\"item\":\"https:\/\/b-s.group\/\"},{\"@type\":\"ListItem\",\"position\":2,\"name\":\"Messen\"}]},{\"@type\":\"WebSite\",\"@id\":\"https:\/\/b-s.group\/#website\",\"url\":\"https:\/\/b-s.group\/\",\"name\":\"b+s group\",\"description\":\"The Next Level of Coil Processing\",\"publisher\":{\"@id\":\"https:\/\/b-s.group\/#organization\"},\"potentialAction\":[{\"@type\":\"SearchAction\",\"target\":{\"@type\":\"EntryPoint\",\"urlTemplate\":\"https:\/\/b-s.group\/?s={search_term_string}\"},\"query-input\":{\"@type\":\"PropertyValueSpecification\",\"valueRequired\":true,\"valueName\":\"search_term_string\"}}],\"inLanguage\":\"de\"},{\"@type\":\"Organization\",\"@id\":\"https:\/\/b-s.group\/#organization\",\"name\":\"b+s group\",\"url\":\"https:\/\/b-s.group\/\",\"logo\":{\"@type\":\"ImageObject\",\"inLanguage\":\"de\",\"@id\":\"https:\/\/b-s.group\/#\/schema\/logo\/image\/\",\"url\":\"https:\/\/b-s.group\/wp-content\/uploads\/2023\/05\/b-s-group_content_logo-001.png\",\"contentUrl\":\"https:\/\/b-s.group\/wp-content\/uploads\/2023\/05\/b-s-group_content_logo-001.png\",\"width\":800,\"height\":303,\"caption\":\"b+s group\"},\"image\":{\"@id\":\"https:\/\/b-s.group\/#\/schema\/logo\/image\/\"},\"sameAs\":[\"https:\/\/www.instagram.com\/burghardtschmidtgmbh\/\",\"https:\/\/www.youtube.com\/@burghardtschmidtgmbh2252\",\"https:\/\/de.linkedin.com\/company\/burghardt-schmidt-gmbh\",\"https:\/\/www.xing.com\/pages\/burghardt-schmidt\"]}]}<\/script>\n<!-- \/ Yoast SEO plugin. -->","yoast_head_json":{"title":"Messen - b+s group","robots":{"index":"index","follow":"follow","max-snippet":"max-snippet:-1","max-image-preview":"max-image-preview:large","max-video-preview":"max-video-preview:-1"},"canonical":"https:\/\/b-s.group\/fairs\/","og_locale":"de_DE","og_type":"article","og_title":"Messen - b+s group","og_description":"MessenFABTECH 2026Besuchen Sie uns vom 21.-23. Oktober am Stand C7618 in LasVegas!Nordamerikas gr\u00f6\u00dfte Veranstaltung f\u00fcr Metallumformung, Fertigung, Schwei\u00dfen und EndbearbeitungBesuchen Sie uns vom 21. bis 23. Oktober in Las Vegas auf der FABTECH 2026, Nordamerikas f\u00fchrender Veranstaltung f\u00fcr Metallumformung, Fertigung, Schwei\u00dfen und Endbearbeitung. Testen Sie die neuesten Technologien und kn\u00fcpfen Sie Kontakte zu \u00fcber 31.000 [&hellip;]","og_url":"https:\/\/b-s.group\/fairs\/","og_site_name":"b+s group","article_modified_time":"2025-12-10T09:25:32+00:00","twitter_card":"summary_large_image","twitter_misc":{"Gesch\u00e4tzte Lesezeit":"5\u00a0Minuten"},"schema":{"@context":"https:\/\/schema.org","@graph":[{"@type":"WebPage","@id":"https:\/\/b-s.group\/fairs\/","url":"https:\/\/b-s.group\/fairs\/","name":"Messen - b+s group","isPartOf":{"@id":"https:\/\/b-s.group\/#website"},"datePublished":"2023-05-26T15:19:46+00:00","dateModified":"2025-12-10T09:25:32+00:00","breadcrumb":{"@id":"https:\/\/b-s.group\/fairs\/#breadcrumb"},"inLanguage":"de","potentialAction":[{"@type":"ReadAction","target":["https:\/\/b-s.group\/fairs\/"]}]},{"@type":"BreadcrumbList","@id":"https:\/\/b-s.group\/fairs\/#breadcrumb","itemListElement":[{"@type":"ListItem","position":1,"name":"Home","item":"https:\/\/b-s.group\/"},{"@type":"ListItem","position":2,"name":"Messen"}]},{"@type":"WebSite","@id":"https:\/\/b-s.group\/#website","url":"https:\/\/b-s.group\/","name":"b+s group","description":"The Next Level of Coil Processing","publisher":{"@id":"https:\/\/b-s.group\/#organization"},"potentialAction":[{"@type":"SearchAction","target":{"@type":"EntryPoint","urlTemplate":"https:\/\/b-s.group\/?s={search_term_string}"},"query-input":{"@type":"PropertyValueSpecification","valueRequired":true,"valueName":"search_term_string"}}],"inLanguage":"de"},{"@type":"Organization","@id":"https:\/\/b-s.group\/#organization","name":"b+s group","url":"https:\/\/b-s.group\/","logo":{"@type":"ImageObject","inLanguage":"de","@id":"https:\/\/b-s.group\/#\/schema\/logo\/image\/","url":"https:\/\/b-s.group\/wp-content\/uploads\/2023\/05\/b-s-group_content_logo-001.png","contentUrl":"https:\/\/b-s.group\/wp-content\/uploads\/2023\/05\/b-s-group_content_logo-001.png","width":800,"height":303,"caption":"b+s group"},"image":{"@id":"https:\/\/b-s.group\/#\/schema\/logo\/image\/"},"sameAs":["https:\/\/www.instagram.com\/burghardtschmidtgmbh\/","https:\/\/www.youtube.com\/@burghardtschmidtgmbh2252","https:\/\/de.linkedin.com\/company\/burghardt-schmidt-gmbh","https:\/\/www.xing.com\/pages\/burghardt-schmidt"]}]}},"_links":{"self":[{"href":"https:\/\/b-s.group\/de\/wp-json\/wp\/v2\/pages\/1700","targetHints":{"allow":["GET"]}}],"collection":[{"href":"https:\/\/b-s.group\/de\/wp-json\/wp\/v2\/pages"}],"about":[{"href":"https:\/\/b-s.group\/de\/wp-json\/wp\/v2\/types\/page"}],"author":[{"embeddable":true,"href":"https:\/\/b-s.group\/de\/wp-json\/wp\/v2\/users\/4"}],"replies":[{"embeddable":true,"href":"https:\/\/b-s.group\/de\/wp-json\/wp\/v2\/comments?post=1700"}],"version-history":[{"count":46,"href":"https:\/\/b-s.group\/de\/wp-json\/wp\/v2\/pages\/1700\/revisions"}],"predecessor-version":[{"id":2407,"href":"https:\/\/b-s.group\/de\/wp-json\/wp\/v2\/pages\/1700\/revisions\/2407"}],"wp:attachment":[{"href":"https:\/\/b-s.group\/de\/wp-json\/wp\/v2\/media?parent=1700"}],"wp:term":[{"taxonomy":"dipi_cpt_category","embeddable":true,"href":"https:\/\/b-s.group\/de\/wp-json\/wp\/v2\/dipi_cpt_category?post=1700"}],"curies":[{"name":"wp","href":"https:\/\/api.w.org\/{rel}","templated":true}]}}