{"id":1724,"date":"2020-10-22T12:52:00","date_gmt":"2020-10-22T12:52:00","guid":{"rendered":"https:\/\/b-s.group\/die-gruppe\/"},"modified":"2024-04-03T12:49:10","modified_gmt":"2024-04-03T12:49:10","slug":"die-gruppe","status":"publish","type":"page","link":"https:\/\/b-s.group\/de\/die-gruppe\/","title":{"rendered":"Die Gruppe"},"content":{"rendered":"<p>[et_pb_section fb_built=&#8220;1&#8243; next_background_color=&#8220;#F2F3F3&#8243; admin_label=&#8220;section&#8220; _builder_version=&#8220;4.21.0&#8243; background_color=&#8220;#FFFFFF&#8220; use_background_color_gradient=&#8220;on&#8220; background_color_gradient_direction=&#8220;172deg&#8220; background_color_gradient_stops=&#8220;#454754 0%|#7d8386 99%&#8220; background_color_gradient_overlays_image=&#8220;on&#8220; background_image=&#8220;https:\/\/b-s.group\/wp-content\/uploads\/2023\/05\/b-s-group_content_headerfoto-maschine-001.jpg&#8220; background_blend=&#8220;multiply&#8220; custom_padding=&#8220;85px||193px||false|false&#8220; bottom_divider_style=&#8220;arrow2&#8243; global_colors_info=&#8220;{}&#8220;][et_pb_row _builder_version=&#8220;4.16&#8243; _module_preset=&#8220;default&#8220; custom_padding=&#8220;22px||50px||false|false&#8220; scroll_vertical_motion_enable=&#8220;on&#8220; scroll_vertical_motion=&#8220;0|90|90|100|0|0|0.5&#8243; scroll_fade_enable=&#8220;on&#8220; scroll_fade=&#8220;0|90|90|100|100%|100%|0%&#8220; global_colors_info=&#8220;{}&#8220;][et_pb_column type=&#8220;4_4&#8243; _builder_version=&#8220;4.16&#8243; _module_preset=&#8220;default&#8220; global_colors_info=&#8220;{}&#8220;][et_pb_text _builder_version=&#8220;4.21.0&#8243; _module_preset=&#8220;default&#8220; header_text_align=&#8220;center&#8220; header_text_color=&#8220;#ffffff&#8220; header_font_size=&#8220;60px&#8220; custom_margin=&#8220;||10px||false|false&#8220; header_font_size_tablet=&#8220;50px&#8220; header_font_size_phone=&#8220;40px&#8220; header_font_size_last_edited=&#8220;on|desktop&#8220; global_colors_info=&#8220;{}&#8220;]<\/p>\n<h1>Die Gruppe<\/h1>\n<p>[\/et_pb_text][et_pb_divider divider_weight=&#8220;2px&#8220; _builder_version=&#8220;4.21.0&#8243; _module_preset=&#8220;default&#8220; width=&#8220;10%&#8220; module_alignment=&#8220;center&#8220; custom_margin=&#8220;25px||25px||true|false&#8220; global_colors_info=&#8220;{}&#8220;][\/et_pb_divider][\/et_pb_column][\/et_pb_row][\/et_pb_section][et_pb_section fb_built=&#8220;1&#8243; _builder_version=&#8220;4.21.0&#8243; _module_preset=&#8220;default&#8220; background_color=&#8220;#F2F3F3&#8243; z_index=&#8220;999&#8243; custom_padding=&#8220;2px|||||&#8220; global_colors_info=&#8220;{}&#8220;][et_pb_row column_structure=&#8220;3_5,2_5&#8243; use_custom_gutter=&#8220;on&#8220; gutter_width=&#8220;1&#8243; make_equal=&#8220;on&#8220; custom_padding_last_edited=&#8220;on|phone&#8220; _builder_version=&#8220;4.21.0&#8243; _module_preset=&#8220;default&#8220; background_color=&#8220;#ffffff&#8220; width_tablet=&#8220;90%&#8220; width_phone=&#8220;100%&#8220; width_last_edited=&#8220;on|phone&#8220; custom_margin=&#8220;-200px||||false|false&#8220; custom_margin_tablet=&#8220;&#8220; custom_margin_phone=&#8220;&#8220; custom_margin_last_edited=&#8220;on|tablet&#8220; custom_padding=&#8220;0px|0px|0px||false|false&#8220; custom_padding_tablet=&#8220;0px||0px||false|false&#8220; custom_padding_phone=&#8220;&#8220; animation_style=&#8220;slide&#8220; animation_direction=&#8220;bottom&#8220; animation_delay=&#8220;200ms&#8220; animation_intensity_slide=&#8220;2%&#8220; animation_starting_opacity=&#8220;100%&#8220; box_shadow_style=&#8220;preset1&#8243; box_shadow_blur=&#8220;70px&#8220; box_shadow_spread=&#8220;-40px&#8220; global_colors_info=&#8220;{}&#8220;][et_pb_column type=&#8220;3_5&#8243; _builder_version=&#8220;4.21.0&#8243; _module_preset=&#8220;default&#8220; custom_padding=&#8220;60px|40px|60px|80px|false|false&#8220; custom_padding_tablet=&#8220;50px|40px|50px|40px|true|true&#8220; custom_padding_phone=&#8220;|30px||30px|true|true&#8220; custom_padding_last_edited=&#8220;on|tablet&#8220; global_colors_info=&#8220;{}&#8220;][et_pb_text _builder_version=&#8220;4.21.0&#8243; _module_preset=&#8220;default&#8220; text_text_color=&#8220;#596277&#8243; header_2_font_size=&#8220;40px&#8220; custom_margin=&#8220;||19px||false|false&#8220; header_2_font_size_tablet=&#8220;40px&#8220; header_2_font_size_phone=&#8220;30px&#8220; global_colors_info=&#8220;{}&#8220;]<\/p>\n<h2>Was die b+s group einzigartig macht<\/h2>\n<h3>Fortschrittliche Technology trifft auf jahrzehntelange Erfahrung<\/h3>\n<p>[\/et_pb_text][et_pb_text _builder_version=&#8220;4.21.0&#8243; _module_preset=&#8220;default&#8220; custom_margin=&#8220;||40px||false|false&#8220; hover_enabled=&#8220;0&#8243; global_colors_info=&#8220;{}&#8220; sticky_enabled=&#8220;0&#8243;]<\/p>\n<p><strong>Wir sind die b+s group.<\/strong><br \/>Die BURGHARDT+SCHMIDT GmbH hat durch die \u00dcbernahme von traditionsreichen, namhaften und auf dem Weltmarkt fest etablierten Unternehmen die b+s group gegr\u00fcndet. Durch die Gr\u00fcndung der b+s group wird das bisherige Produktangebot von BURGHARDT+SCHMIDT durch die Produkte von der SCHNUTZ GmbH und die b+s AUTOMATION GmbH im Bereich Richtmaschinen, Bandzuf\u00fchranlagen und Automatisierungstechnik ausgebaut.<\/p>\n<p>[\/et_pb_text][\/et_pb_column][et_pb_column type=&#8220;2_5&#8243; _builder_version=&#8220;4.21.0&#8243; _module_preset=&#8220;default&#8220; background_image=&#8220;https:\/\/b-s.group\/wp-content\/uploads\/2023\/05\/b-s-group_content-dummy_006.jpg&#8220; custom_padding=&#8220;|0px|0px|0px|false|false&#8220; global_colors_info=&#8220;{}&#8220;][et_pb_divider show_divider=&#8220;off&#8220; _builder_version=&#8220;4.21.0&#8243; _module_preset=&#8220;default&#8220; min_height=&#8220;300px&#8220; global_colors_info=&#8220;{}&#8220;][\/et_pb_divider][\/et_pb_column][\/et_pb_row][\/et_pb_section][et_pb_section fb_built=&#8220;1&#8243; _builder_version=&#8220;4.21.0&#8243; _module_preset=&#8220;default&#8220; background_color=&#8220;#F2F3F3&#8243; custom_padding=&#8220;0px|||||&#8220; global_colors_info=&#8220;{}&#8220;][et_pb_row column_structure=&#8220;1_3,1_3,1_3&#8243; _builder_version=&#8220;4.16&#8243; _module_preset=&#8220;default&#8220; global_colors_info=&#8220;{}&#8220;][et_pb_column type=&#8220;1_3&#8243; _builder_version=&#8220;4.16&#8243; _module_preset=&#8220;default&#8220; global_colors_info=&#8220;{}&#8220;][et_pb_blurb title=&#8220;Weltmarktf\u00fchrer&#8220; use_icon=&#8220;on&#8220; font_icon=&#8220;&#xf7a2;||fa||900&#8243; _builder_version=&#8220;4.21.0&#8243; _module_preset=&#8220;default&#8220; header_line_height=&#8220;1.4em&#8220; body_font_size=&#8220;15px&#8220; image_icon_custom_margin=&#8220;10px||||false|false&#8220; image_icon_custom_padding=&#8220;10px|10px|10px|10px|true|true&#8220; custom_css_blurb_title=&#8220;margin-top: 10px;&#8220; image_max_width=&#8220;70px&#8220; global_colors_info=&#8220;{}&#8220;]<\/p>\n<p>BURGHARDT+SCHMIDT ist Weltmarktf\u00fchrer im Bereich Streck-Biege-Richtanlagen.<\/p>\n<p>[\/et_pb_blurb][\/et_pb_column][et_pb_column type=&#8220;1_3&#8243; _builder_version=&#8220;4.16&#8243; _module_preset=&#8220;default&#8220; global_colors_info=&#8220;{}&#8220;][et_pb_blurb title=&#8220;Erfinder der ersten Blech-Richtmaschine&#8220; use_icon=&#8220;on&#8220; font_icon=&#8220;&#xe007;||divi||400&#8243; _builder_version=&#8220;4.21.0&#8243; _module_preset=&#8220;default&#8220; header_line_height=&#8220;1.4em&#8220; body_font_size=&#8220;15px&#8220; image_icon_custom_margin=&#8220;10px||||false|false&#8220; image_icon_custom_padding=&#8220;10px|10px|10px|10px|true|true&#8220; custom_css_blurb_title=&#8220;margin-top: 10px;&#8220; image_max_width=&#8220;70px&#8220; global_colors_info=&#8220;{}&#8220;]<\/p>\n<p>SCHNUTZ ist der f\u00fchrende Hersteller und Erfinder von Richtmaschinen. Die erste Richtmaschine wurde 1882 gebaut!<\/p>\n<p>[\/et_pb_blurb][\/et_pb_column][et_pb_column type=&#8220;1_3&#8243; _builder_version=&#8220;4.16&#8243; _module_preset=&#8220;default&#8220; global_colors_info=&#8220;{}&#8220;][et_pb_blurb title=&#8220;Spezialist f\u00fcr Automatisierung&#8220; use_icon=&#8220;on&#8220; font_icon=&#8220;&#xe038;||divi||400&#8243; _builder_version=&#8220;4.21.0&#8243; _module_preset=&#8220;default&#8220; header_line_height=&#8220;1.4em&#8220; body_font_size=&#8220;15px&#8220; image_icon_custom_margin=&#8220;10px||||false|false&#8220; image_icon_custom_padding=&#8220;10px|10px|10px|10px|true|true&#8220; custom_css_blurb_title=&#8220;margin-top: 10px;&#8220; image_max_width=&#8220;70px&#8220; global_colors_info=&#8220;{}&#8220;]<\/p>\n<p>b+s AUTOMATION ist Spezialist f\u00fcr Automatisierung von Bandanlagen.<\/p>\n<p>[\/et_pb_blurb][\/et_pb_column][\/et_pb_row][\/et_pb_section][et_pb_section fb_built=&#8220;1&#8243; _builder_version=&#8220;4.21.0&#8243; _module_preset=&#8220;default&#8220; use_background_color_gradient=&#8220;on&#8220; background_color_gradient_direction=&#8220;147deg&#8220; background_color_gradient_stops=&#8220;rgba(255,255,255,0.93) 1%|rgba(255,255,255,0) 100%&#8220; background_color_gradient_overlays_image=&#8220;on&#8220; background_image=&#8220;https:\/\/b-s.group\/wp-content\/uploads\/2020\/10\/garage-img-06.png&#8220; parallax=&#8220;on&#8220; parallax_method=&#8220;off&#8220; custom_padding=&#8220;90px|||||&#8220; global_colors_info=&#8220;{}&#8220;][et_pb_row _builder_version=&#8220;4.21.0&#8243; _module_preset=&#8220;default&#8220; custom_padding=&#8220;70px||61px|||&#8220; global_colors_info=&#8220;{}&#8220;][et_pb_column type=&#8220;4_4&#8243; _builder_version=&#8220;4.21.0&#8243; _module_preset=&#8220;default&#8220; global_colors_info=&#8220;{}&#8220;][et_pb_text _builder_version=&#8220;4.21.0&#8243; _module_preset=&#8220;default&#8220; text_orientation=&#8220;center&#8220; global_colors_info=&#8220;{}&#8220;]<\/p>\n<h3>Langj\u00e4hrige Erfahrung<\/h3>\n<h2>Meilensteine der b+s group Mitglieder<\/h2>\n<p>[\/et_pb_text][dipi_advanced_tabs tab_animation=&#8220;fadeInDownShort&#8220; use_sticky_tabs=&#8220;off&#8220; enable_tabs_slider=&#8220;on&#8220; enable_ts_on_tab=&#8220;off&#8220; tabs_per_view_tab=&#8220;3&#8243; enable_ts_on_pho=&#8220;on&#8220; tabs_per_view_pho=&#8220;2&#8243; ts_navigation_pho=&#8220;on&#8220; ts_navigation_vertical_position_pho=&#8220;60&#8243; ts_navigation_horizontal_position_pho=&#8220;-25&#8243; tabs_container_padding=&#8220;10px|0px|10px|0px|false|false&#8220; tabs_container_margin=&#8220;10px|0px|10px|0px|false|false&#8220; tabs_item_padding=&#8220;15px|15px|15px|15px|true|true&#8220; tabs_active_item_padding=&#8220;15px|15px|15px|15px|true|true&#8220; content_padding=&#8220;30px|30px|10px|30px|false|true&#8220; content_margin=&#8220;0px|0px|10px|0px|false|false&#8220; content_bg_color=&#8220;RGBA(255,255,255,0)&#8220; tabs_item_bg_color=&#8220;#FFFFFF&#8220; tabs_item_active_bg_color=&#8220;#FFFFFF&#8220; navigation_size=&#8220;20&#8243; navigation_padding=&#8220;20&#8243; navigation_bg_color=&#8220;#F2F3F3&#8243; content_padding_tablet=&#8220;10px|0px||0px|false|true&#8220; content_padding_phone=&#8220;|0px||0px|false|true&#8220; content_padding_last_edited=&#8220;on|phone&#8220; disabled_on=&#8220;on|off|off&#8220; module_class=&#8220;tabs-timeline&#8220; _builder_version=&#8220;4.21.0&#8243; _module_preset=&#8220;default&#8220; title_font=&#8220;Arial|700|||||||&#8220; title_font_size=&#8220;22px&#8220; title_active_text_color=&#8220;#FFFFFF&#8220; subtitle_font=&#8220;Archivo Narrow|||on|||||&#8220; subtitle_text_color=&#8220;#7D8386&#8243; subtitle_letter_spacing=&#8220;1px&#8220; subtitle_active_text_color=&#8220;#FFFFFF&#8220; custom_padding=&#8220;0px||||false|false&#8220; border_width_all=&#8220;0px&#8220; border_width_all_tabs_wrapper=&#8220;0px&#8220; border_color_all_tabs_wrapper=&#8220;#FFFFFF&#8220; border_color_all_tabs_item=&#8220;#F2F3F3&#8243; border_color_right_tabs_item=&#8220;#7D8386&#8243; border_width_bottom_tabs_item=&#8220;1.5px&#8220; border_color_bottom_tabs_item=&#8220;#7D8386&#8243; border_color_all_tabs_item_active=&#8220;#FFFFFF&#8220; border_color_bottom_tabs_item_active=&#8220;RGBA(255,255,255,0)&#8220; global_colors_info=&#8220;{}&#8220;][dipi_advanced_tabs_item title=&#8220;BURGHARDT+SCHMIDT GmbH&#8220; subtitle=&#8220;seit 1945&#8243; is_default_tab=&#8220;on&#8220; use_library_content=&#8220;on&#8220; divi_library=&#8220;1730&#8243; admin_label=&#8220;Burghardt + Schmidt&#8220; _builder_version=&#8220;4.21.0&#8243; _module_preset=&#8220;default&#8220; title_font=&#8220;Arial|700|||||||&#8220; title_text_color=&#8220;#B51F2A&#8220; subtitle_text_color=&#8220;#7D8386&#8243; background_color=&#8220;#FFFFFF&#8220; background_enable_color=&#8220;on&#8220; custom_padding=&#8220;||||false|false&#8220; custom_css_active_tab=&#8220;background: #b51f2a !important;&#8220; border_width_bottom=&#8220;2px&#8220; border_color_bottom=&#8220;#B51F2A&#8220; global_colors_info=&#8220;{}&#8220;][\/dipi_advanced_tabs_item][dipi_advanced_tabs_item title=&#8220;SCHNUTZ GmbH&#8220; subtitle=&#8220;seit 1846&#8243; is_default_tab=&#8220;on&#8220; use_library_content=&#8220;on&#8220; divi_library=&#8220;1733&#8243; admin_label=&#8220;Schnutz GmbH&#8220; _builder_version=&#8220;4.21.0&#8243; _module_preset=&#8220;default&#8220; title_text_color=&#8220;#005CA9&#8243; subtitle_text_color=&#8220;#7D8386&#8243; header_text_color=&#8220;#005CA9&#8243; background_color=&#8220;#FFFFFF&#8220; background_enable_color=&#8220;on&#8220; custom_css_active_tab=&#8220;background: #005ca9 !important;&#8220; global_colors_info=&#8220;{}&#8220;][\/dipi_advanced_tabs_item][dipi_advanced_tabs_item title=&#8220;b+s AUTOMATION GmbH&#8220; subtitle=&#8220;seit 1995&#8243; is_default_tab=&#8220;on&#8220; use_library_content=&#8220;on&#8220; divi_library=&#8220;1727&#8243; admin_label=&#8220;AUTOMATION&#8220; _builder_version=&#8220;4.21.0&#8243; _module_preset=&#8220;default&#8220; title_text_color=&#8220;#454754&#8243; subtitle_text_color=&#8220;#7D8386&#8243; background_color=&#8220;#FFFFFF&#8220; background_enable_color=&#8220;on&#8220; custom_css_active_tab=&#8220;background: #454754 !important;&#8220; global_colors_info=&#8220;{}&#8220;][\/dipi_advanced_tabs_item][\/dipi_advanced_tabs][dipi_advanced_tabs tab_animation=&#8220;fadeInDownShort&#8220; use_sticky_tabs=&#8220;off&#8220; enable_tabs_slider=&#8220;on&#8220; enable_ts_on_tab=&#8220;off&#8220; tabs_per_view_tab=&#8220;3&#8243; enable_ts_on_pho=&#8220;on&#8220; tabs_per_view_pho=&#8220;2&#8243; ts_navigation_pho=&#8220;on&#8220; ts_navigation_vertical_position_pho=&#8220;60&#8243; ts_navigation_horizontal_position_pho=&#8220;-25&#8243; tabs_container_padding=&#8220;10px|0px|10px|0px|false|false&#8220; tabs_container_margin=&#8220;10px|0px|10px|0px|false|false&#8220; tabs_item_padding=&#8220;15px|15px|15px|15px|true|true&#8220; tabs_active_item_padding=&#8220;15px|15px|15px|15px|true|true&#8220; content_padding=&#8220;30px|30px|10px|30px|false|true&#8220; content_margin=&#8220;0px|0px|10px|0px|false|false&#8220; content_bg_color=&#8220;RGBA(255,255,255,0)&#8220; tabs_item_bg_color=&#8220;#FFFFFF&#8220; tabs_item_active_bg_color=&#8220;#FFFFFF&#8220; navigation_size=&#8220;20&#8243; navigation_padding=&#8220;20&#8243; navigation_bg_color=&#8220;#F2F3F3&#8243; content_padding_tablet=&#8220;10px|0px||0px|false|true&#8220; content_padding_phone=&#8220;|0px||0px|false|true&#8220; content_padding_last_edited=&#8220;on|phone&#8220; disabled_on=&#8220;off|on|on&#8220; module_class=&#8220;tabs-timeline&#8220; _builder_version=&#8220;4.21.0&#8243; _module_preset=&#8220;default&#8220; title_font=&#8220;Arial|700|||||||&#8220; title_font_size=&#8220;22px&#8220; title_active_text_color=&#8220;#FFFFFF&#8220; subtitle_font=&#8220;Archivo Narrow|||on|||||&#8220; subtitle_text_color=&#8220;#7D8386&#8243; subtitle_letter_spacing=&#8220;1px&#8220; subtitle_active_text_color=&#8220;#FFFFFF&#8220; custom_padding=&#8220;0px||||false|false&#8220; border_width_all=&#8220;0px&#8220; border_width_all_tabs_wrapper=&#8220;0px&#8220; border_color_all_tabs_wrapper=&#8220;#FFFFFF&#8220; border_color_all_tabs_item=&#8220;#F2F3F3&#8243; border_color_right_tabs_item=&#8220;#7D8386&#8243; border_width_bottom_tabs_item=&#8220;1.5px&#8220; border_color_bottom_tabs_item=&#8220;#7D8386&#8243; border_color_all_tabs_item_active=&#8220;#FFFFFF&#8220; border_color_bottom_tabs_item_active=&#8220;RGBA(255,255,255,0)&#8220; global_colors_info=&#8220;{}&#8220;][dipi_advanced_tabs_item title=&#8220;BURGHARDT+SCHMIDT GmbH&#8220; subtitle=&#8220;seit 1945&#8243; is_default_tab=&#8220;on&#8220; use_library_content=&#8220;on&#8220; divi_library=&#8220;1806&#8243; admin_label=&#8220;Burghardt + Schmidt&#8220; _builder_version=&#8220;4.21.0&#8243; _module_preset=&#8220;default&#8220; title_font=&#8220;Arial|700|||||||&#8220; title_text_color=&#8220;#B51F2A&#8220; subtitle_text_color=&#8220;#7D8386&#8243; background_color=&#8220;#FFFFFF&#8220; background_enable_color=&#8220;on&#8220; custom_padding=&#8220;||||false|false&#8220; custom_css_active_tab=&#8220;background: #b51f2a !important;&#8220; border_width_bottom=&#8220;2px&#8220; border_color_bottom=&#8220;#B51F2A&#8220; global_colors_info=&#8220;{}&#8220;][\/dipi_advanced_tabs_item][dipi_advanced_tabs_item title=&#8220;SCHNUTZ GmbH&#8220; subtitle=&#8220;seit 1846&#8243; is_default_tab=&#8220;on&#8220; use_library_content=&#8220;on&#8220; divi_library=&#8220;1811&#8243; admin_label=&#8220;Schnutz GmbH&#8220; _builder_version=&#8220;4.21.0&#8243; _module_preset=&#8220;default&#8220; title_text_color=&#8220;#005CA9&#8243; subtitle_text_color=&#8220;#7D8386&#8243; header_text_color=&#8220;#005CA9&#8243; background_color=&#8220;#FFFFFF&#8220; background_enable_color=&#8220;on&#8220; custom_css_active_tab=&#8220;background: #005ca9 !important;&#8220; global_colors_info=&#8220;{}&#8220;][\/dipi_advanced_tabs_item][dipi_advanced_tabs_item title=&#8220;b+s AUTOMATION GmbH&#8220; subtitle=&#8220;seit 1995&#8243; is_default_tab=&#8220;on&#8220; use_library_content=&#8220;on&#8220; divi_library=&#8220;1812&#8243; admin_label=&#8220;AUTOMATION&#8220; _builder_version=&#8220;4.21.0&#8243; _module_preset=&#8220;default&#8220; title_text_color=&#8220;#454754&#8243; subtitle_text_color=&#8220;#7D8386&#8243; background_color=&#8220;#FFFFFF&#8220; background_enable_color=&#8220;on&#8220; custom_css_active_tab=&#8220;background: #454754 !important;&#8220; global_colors_info=&#8220;{}&#8220;][\/dipi_advanced_tabs_item][\/dipi_advanced_tabs][\/et_pb_column][\/et_pb_row][\/et_pb_section]<\/p>\n","protected":false},"excerpt":{"rendered":"<p>Die GruppeWas die b+s group einzigartig macht Fortschrittliche Technology trifft auf jahrzehntelange ErfahrungWir sind die b+s group.Die BURGHARDT+SCHMIDT GmbH hat durch die \u00dcbernahme von traditionsreichen, namhaften und auf dem Weltmarkt fest etablierten Unternehmen die b+s group gegr\u00fcndet. Durch die Gr\u00fcndung der b+s group wird das bisherige Produktangebot von BURGHARDT+SCHMIDT durch die Produkte von der SCHNUTZ [&hellip;]<\/p>\n","protected":false},"author":2,"featured_media":0,"parent":0,"menu_order":20,"comment_status":"closed","ping_status":"closed","template":"","meta":{"_et_pb_use_builder":"on","_et_pb_old_content":"","_et_gb_content_width":"","footnotes":""},"dipi_cpt_category":[],"class_list":["post-1724","page","type-page","status-publish","hentry"],"yoast_head":"<!-- This site is optimized with the Yoast SEO plugin v27.4 - https:\/\/yoast.com\/product\/yoast-seo-wordpress\/ -->\n<title>Die Gruppe - b+s group<\/title>\n<meta name=\"robots\" content=\"index, follow, max-snippet:-1, max-image-preview:large, max-video-preview:-1\" \/>\n<link rel=\"canonical\" href=\"https:\/\/b-s.group\/the-group\/\" \/>\n<meta property=\"og:locale\" content=\"de_DE\" \/>\n<meta property=\"og:type\" content=\"article\" \/>\n<meta property=\"og:title\" content=\"Die Gruppe - b+s group\" \/>\n<meta property=\"og:description\" content=\"Die GruppeWas die b+s group einzigartig macht Fortschrittliche Technology trifft auf jahrzehntelange ErfahrungWir sind die b+s group.Die BURGHARDT+SCHMIDT GmbH hat durch die \u00dcbernahme von traditionsreichen, namhaften und auf dem Weltmarkt fest etablierten Unternehmen die b+s group gegr\u00fcndet. Durch die Gr\u00fcndung der b+s group wird das bisherige Produktangebot von BURGHARDT+SCHMIDT durch die Produkte von der SCHNUTZ [&hellip;]\" \/>\n<meta property=\"og:url\" content=\"https:\/\/b-s.group\/the-group\/\" \/>\n<meta property=\"og:site_name\" content=\"b+s group\" \/>\n<meta property=\"article:modified_time\" content=\"2024-04-03T12:49:10+00:00\" \/>\n<meta name=\"twitter:card\" content=\"summary_large_image\" \/>\n<meta name=\"twitter:label1\" content=\"Gesch\u00e4tzte Lesezeit\" \/>\n\t<meta name=\"twitter:data1\" content=\"9\u00a0Minuten\" \/>\n<script type=\"application\/ld+json\" class=\"yoast-schema-graph\">{\"@context\":\"https:\\\/\\\/schema.org\",\"@graph\":[{\"@type\":\"WebPage\",\"@id\":\"https:\\\/\\\/b-s.group\\\/the-group\\\/\",\"url\":\"https:\\\/\\\/b-s.group\\\/the-group\\\/\",\"name\":\"Die Gruppe - b+s group\",\"isPartOf\":{\"@id\":\"https:\\\/\\\/b-s.group\\\/#website\"},\"datePublished\":\"2020-10-22T12:52:00+00:00\",\"dateModified\":\"2024-04-03T12:49:10+00:00\",\"breadcrumb\":{\"@id\":\"https:\\\/\\\/b-s.group\\\/the-group\\\/#breadcrumb\"},\"inLanguage\":\"de\",\"potentialAction\":[{\"@type\":\"ReadAction\",\"target\":[\"https:\\\/\\\/b-s.group\\\/the-group\\\/\"]}]},{\"@type\":\"BreadcrumbList\",\"@id\":\"https:\\\/\\\/b-s.group\\\/the-group\\\/#breadcrumb\",\"itemListElement\":[{\"@type\":\"ListItem\",\"position\":1,\"name\":\"Home\",\"item\":\"https:\\\/\\\/b-s.group\\\/\"},{\"@type\":\"ListItem\",\"position\":2,\"name\":\"Die Gruppe\"}]},{\"@type\":\"WebSite\",\"@id\":\"https:\\\/\\\/b-s.group\\\/#website\",\"url\":\"https:\\\/\\\/b-s.group\\\/\",\"name\":\"b+s group\",\"description\":\"The Next Level of Coil Processing\",\"publisher\":{\"@id\":\"https:\\\/\\\/b-s.group\\\/#organization\"},\"potentialAction\":[{\"@type\":\"SearchAction\",\"target\":{\"@type\":\"EntryPoint\",\"urlTemplate\":\"https:\\\/\\\/b-s.group\\\/?s={search_term_string}\"},\"query-input\":{\"@type\":\"PropertyValueSpecification\",\"valueRequired\":true,\"valueName\":\"search_term_string\"}}],\"inLanguage\":\"de\"},{\"@type\":\"Organization\",\"@id\":\"https:\\\/\\\/b-s.group\\\/#organization\",\"name\":\"b+s group\",\"url\":\"https:\\\/\\\/b-s.group\\\/\",\"logo\":{\"@type\":\"ImageObject\",\"inLanguage\":\"de\",\"@id\":\"https:\\\/\\\/b-s.group\\\/#\\\/schema\\\/logo\\\/image\\\/\",\"url\":\"https:\\\/\\\/b-s.group\\\/wp-content\\\/uploads\\\/2023\\\/05\\\/b-s-group_content_logo-001.png\",\"contentUrl\":\"https:\\\/\\\/b-s.group\\\/wp-content\\\/uploads\\\/2023\\\/05\\\/b-s-group_content_logo-001.png\",\"width\":800,\"height\":303,\"caption\":\"b+s group\"},\"image\":{\"@id\":\"https:\\\/\\\/b-s.group\\\/#\\\/schema\\\/logo\\\/image\\\/\"},\"sameAs\":[\"https:\\\/\\\/www.instagram.com\\\/burghardtschmidtgmbh\\\/\",\"https:\\\/\\\/www.youtube.com\\\/@burghardtschmidtgmbh2252\",\"https:\\\/\\\/de.linkedin.com\\\/company\\\/burghardt-schmidt-gmbh\",\"https:\\\/\\\/www.xing.com\\\/pages\\\/burghardt-schmidt\"]}]}<\/script>\n<!-- \/ Yoast SEO plugin. -->","yoast_head_json":{"title":"Die Gruppe - b+s group","robots":{"index":"index","follow":"follow","max-snippet":"max-snippet:-1","max-image-preview":"max-image-preview:large","max-video-preview":"max-video-preview:-1"},"canonical":"https:\/\/b-s.group\/the-group\/","og_locale":"de_DE","og_type":"article","og_title":"Die Gruppe - b+s group","og_description":"Die GruppeWas die b+s group einzigartig macht Fortschrittliche Technology trifft auf jahrzehntelange ErfahrungWir sind die b+s group.Die BURGHARDT+SCHMIDT GmbH hat durch die \u00dcbernahme von traditionsreichen, namhaften und auf dem Weltmarkt fest etablierten Unternehmen die b+s group gegr\u00fcndet. Durch die Gr\u00fcndung der b+s group wird das bisherige Produktangebot von BURGHARDT+SCHMIDT durch die Produkte von der SCHNUTZ [&hellip;]","og_url":"https:\/\/b-s.group\/the-group\/","og_site_name":"b+s group","article_modified_time":"2024-04-03T12:49:10+00:00","twitter_card":"summary_large_image","twitter_misc":{"Gesch\u00e4tzte Lesezeit":"9\u00a0Minuten"},"schema":{"@context":"https:\/\/schema.org","@graph":[{"@type":"WebPage","@id":"https:\/\/b-s.group\/the-group\/","url":"https:\/\/b-s.group\/the-group\/","name":"Die Gruppe - b+s group","isPartOf":{"@id":"https:\/\/b-s.group\/#website"},"datePublished":"2020-10-22T12:52:00+00:00","dateModified":"2024-04-03T12:49:10+00:00","breadcrumb":{"@id":"https:\/\/b-s.group\/the-group\/#breadcrumb"},"inLanguage":"de","potentialAction":[{"@type":"ReadAction","target":["https:\/\/b-s.group\/the-group\/"]}]},{"@type":"BreadcrumbList","@id":"https:\/\/b-s.group\/the-group\/#breadcrumb","itemListElement":[{"@type":"ListItem","position":1,"name":"Home","item":"https:\/\/b-s.group\/"},{"@type":"ListItem","position":2,"name":"Die Gruppe"}]},{"@type":"WebSite","@id":"https:\/\/b-s.group\/#website","url":"https:\/\/b-s.group\/","name":"b+s group","description":"The Next Level of Coil Processing","publisher":{"@id":"https:\/\/b-s.group\/#organization"},"potentialAction":[{"@type":"SearchAction","target":{"@type":"EntryPoint","urlTemplate":"https:\/\/b-s.group\/?s={search_term_string}"},"query-input":{"@type":"PropertyValueSpecification","valueRequired":true,"valueName":"search_term_string"}}],"inLanguage":"de"},{"@type":"Organization","@id":"https:\/\/b-s.group\/#organization","name":"b+s group","url":"https:\/\/b-s.group\/","logo":{"@type":"ImageObject","inLanguage":"de","@id":"https:\/\/b-s.group\/#\/schema\/logo\/image\/","url":"https:\/\/b-s.group\/wp-content\/uploads\/2023\/05\/b-s-group_content_logo-001.png","contentUrl":"https:\/\/b-s.group\/wp-content\/uploads\/2023\/05\/b-s-group_content_logo-001.png","width":800,"height":303,"caption":"b+s group"},"image":{"@id":"https:\/\/b-s.group\/#\/schema\/logo\/image\/"},"sameAs":["https:\/\/www.instagram.com\/burghardtschmidtgmbh\/","https:\/\/www.youtube.com\/@burghardtschmidtgmbh2252","https:\/\/de.linkedin.com\/company\/burghardt-schmidt-gmbh","https:\/\/www.xing.com\/pages\/burghardt-schmidt"]}]}},"_links":{"self":[{"href":"https:\/\/b-s.group\/de\/wp-json\/wp\/v2\/pages\/1724","targetHints":{"allow":["GET"]}}],"collection":[{"href":"https:\/\/b-s.group\/de\/wp-json\/wp\/v2\/pages"}],"about":[{"href":"https:\/\/b-s.group\/de\/wp-json\/wp\/v2\/types\/page"}],"author":[{"embeddable":true,"href":"https:\/\/b-s.group\/de\/wp-json\/wp\/v2\/users\/2"}],"replies":[{"embeddable":true,"href":"https:\/\/b-s.group\/de\/wp-json\/wp\/v2\/comments?post=1724"}],"version-history":[{"count":17,"href":"https:\/\/b-s.group\/de\/wp-json\/wp\/v2\/pages\/1724\/revisions"}],"predecessor-version":[{"id":2098,"href":"https:\/\/b-s.group\/de\/wp-json\/wp\/v2\/pages\/1724\/revisions\/2098"}],"wp:attachment":[{"href":"https:\/\/b-s.group\/de\/wp-json\/wp\/v2\/media?parent=1724"}],"wp:term":[{"taxonomy":"dipi_cpt_category","embeddable":true,"href":"https:\/\/b-s.group\/de\/wp-json\/wp\/v2\/dipi_cpt_category?post=1724"}],"curies":[{"name":"wp","href":"https:\/\/api.w.org\/{rel}","templated":true}]}}